
{"id":2448,"date":"2026-01-30T15:07:22","date_gmt":"2026-01-30T15:07:22","guid":{"rendered":"http:\/\/localhost\/msebo_lojaonline\/?page_id=2448"},"modified":"2026-02-14T16:38:59","modified_gmt":"2026-02-14T16:38:59","slug":"premios-e-distincoes","status":"publish","type":"page","link":"https:\/\/marcolinosebo.com\/en\/premios-e-distincoes\/","title":{"rendered":"Awards and Distinctions"},"content":{"rendered":"<p>Esta \u00e9 a p\u00e1gina Pr\u00e9mios.<\/p>\n\n\n\n<p><\/p>","protected":false},"excerpt":{"rendered":"<p>Esta \u00e9 a p\u00e1gina Pr\u00e9mios.<\/p>","protected":false},"author":1,"featured_media":0,"parent":0,"menu_order":0,"comment_status":"closed","ping_status":"closed","template":"template-premios.php","meta":{"footnotes":""},"class_list":["post-2448","page","type-page","status-publish","hentry"],"_links":{"self":[{"href":"https:\/\/marcolinosebo.com\/en\/wp-json\/wp\/v2\/pages\/2448","targetHints":{"allow":["GET"]}}],"collection":[{"href":"https:\/\/marcolinosebo.com\/en\/wp-json\/wp\/v2\/pages"}],"about":[{"href":"https:\/\/marcolinosebo.com\/en\/wp-json\/wp\/v2\/types\/page"}],"author":[{"embeddable":true,"href":"https:\/\/marcolinosebo.com\/en\/wp-json\/wp\/v2\/users\/1"}],"replies":[{"embeddable":true,"href":"https:\/\/marcolinosebo.com\/en\/wp-json\/wp\/v2\/comments?post=2448"}],"version-history":[{"count":2,"href":"https:\/\/marcolinosebo.com\/en\/wp-json\/wp\/v2\/pages\/2448\/revisions"}],"predecessor-version":[{"id":2516,"href":"https:\/\/marcolinosebo.com\/en\/wp-json\/wp\/v2\/pages\/2448\/revisions\/2516"}],"wp:attachment":[{"href":"https:\/\/marcolinosebo.com\/en\/wp-json\/wp\/v2\/media?parent=2448"}],"curies":[{"name":"wp","href":"https:\/\/api.w.org\/{rel}","templated":true}]}}