
{"id":2308,"date":"2026-01-11T23:12:35","date_gmt":"2026-01-11T23:12:35","guid":{"rendered":"http:\/\/localhost\/msebo_lojaonline\/?page_id=2308"},"modified":"2026-03-18T16:19:59","modified_gmt":"2026-03-18T16:19:59","slug":"politica-de-privacidade","status":"publish","type":"page","link":"https:\/\/marcolinosebo.com\/en\/politica-de-privacidade\/","title":{"rendered":"Privacy Policy"},"content":{"rendered":"<p>By accessing and using this website the User acknowledges having read, understood and accepted these terms and conditions.&nbsp;<\/p>\n\n\n\n<p>The website of Marcolino Sebo Wines and Oils, Lda does not automatically collect any type of personal information from users who are not registered, thus allowing visitors to navigate anonymously, however, within the scope of this Privacy Policy, the provision of your personal data implies the knowledge and acceptance of the conditions herein, so we advise you to read it.<\/p>\n\n\n\n<p>This Privacy Policy applies exclusively to the collection and processing of personal data carried out by Marcolino Sebo Wines and Oils, Lda. Any links to websites outside of Marcolino Sebo Wines and Oils, Lda are not covered by this privacy statement and are not your responsibility.<\/p>\n\n\n\n<p>In accordance with the General Data Protection Regulation (Regulation 2016\/679 of the European Parliament and of the Council, of 27 April 2016), this Privacy Policy regulates the possible collection and processing, including consent, regarding personal data collected or provided by users in any part of the website (<a href=\"https:\/\/marcolinosebo.com\/en\/\" target=\"_blank\" rel=\"noreferrer noopener\">marcolinosebo.com<\/a>) as well as the exercise of your rights in relation to these data.<\/p>\n\n\n\n<h3 class=\"wp-block-heading\">I \u2013 Personal Data<\/h3>\n\n\n\n<p>For the purposes of Articles 2 and 4 of the General Data Protection Regulation, personal data constitute any and all information, of any nature and regardless of its support, including sound and image, relating to an identified or identifiable natural person.<br>An identifiable natural person is one who can be identified, directly or indirectly, in particular by reference to a name, identification number, location data, electronic identifiers or to one or more specific elements of his physical identity, physiological, genetic, mental, economic, cultural or social of that natural person.<\/p>\n\n\n\n<p>Whenever, in compliance with a legal obligation or voluntarily and at the initiative of the user, sensitive data are made available, we assume your explicit, free and unequivocal consent to treat this information in relation to the purposes for which it was provided.<\/p>\n\n\n\n<h3 class=\"wp-block-heading\">II \u2013 Data Controller<\/h3>\n\n\n\n<p>Under Article 4, paragraph 7), the person responsible for collecting and processing personal data is Sonia S\u00eabo, employee of Marcolino Sebo Wines and Oils, Lda and who, in the context, decides which data are collected, the purposes and means of processing these data. The contact details of the data controller are as follows: <a href=\"mailto:loja@marcolinosebo.com\">loja@marcolinosebo.com<\/a>.<\/p>\n\n\n\n<h3 class=\"wp-block-heading\">III \u2013 Type of Personal Data collected, purposes and processing<\/h3>\n\n\n\n<p>Marcolino Sebo Wines and Oils, Lda, within the scope of its activity, collects and processes personal data necessary for order processing and communication with customers, processing information requests and any complaints, statistical analysis, as well as its use for direct marketing purposes, treating in this context data such as: name, addresses, country, phone number, tax number, email address, date of birth and personal interests about alcoholic beverages.<\/p>\n\n\n\n<p>The personal data collected are processed by automated or non-automated means and in strict compliance with the General Data Protection Regulation, being stored in a specific database, established for this purpose and which guarantees its security and confidentiality in accordance with the accepted information technology, technical and organizational measures, so as to protect against loss, alteration, destruction, misuse in general or that the data collected are used for a purpose other than that for which consent was given by the data subject.<br>By filling in any of the forms available on our website for the purposes described above, we consider that you have given your informed, express and unambiguous consent to the activation, use and subsequent processing of the personal data entered there.<\/p>\n\n\n\n<p>It is the customer\u2019s sole responsibility to provide and maintain correct, current and complete information in the registration, place their password and identification in a safe place. The data subject is solely responsible for the protection, backup and proper equipment used in linking to this website.<\/p>\n\n\n\n<h3 class=\"wp-block-heading\">IV \u2013 Purposes of the processing of personal data<\/h3>\n\n\n\n<p>The purpose of processing personal data is to manage and process orders, communicate with customers for various purposes, including marketing campaigns, processing requests for information and possible complaints.<\/p>\n\n\n\n<p>Periodically, Marcolino Sebo Wines and Oils, Lda, may use the contact details provided to provide information that it considers relevant, while the Data Subject is always allowed to stop receiving this type of information, in accordance with Article 17 of the General Data Protection Regulation.<\/p>\n\n\n\n<p>The data are also collected for the exclusive use of marketing activities by Marcolino Sebo Wines and Oils, Lda, for the purpose of compiling aggregate statistics, metrics and elements on widespread trends for the improvement and optimization of advertising campaigns and for other marketing, promotional and analytical purposes.<\/p>\n\n\n\n<h3 class=\"wp-block-heading\">V \u2013 Storage time<\/h3>\n\n\n\n<p>The period of time during which the data are stored and preserved varies depending on the purpose for which the information is processed and in accordance with any applicable legal obligations and requirements, which oblige to retain the data for a minimum period of time.<br>Where there is no specific legal obligation, the data shall be stored and retained only for the minimum period necessary for the purposes for which they were collected or further processed, after which they will be deleted.<\/p>\n\n\n\n<p>At any time, the holder of personal data may, in accordance with Article 17 of the General Regulation on Data Protection, exercise their right to have their data deleted from the database of Marcolino Sebo Wines and Oils, Lda. Such a request must be made by sending an email to the following email address: <a href=\"mailto:loja@marcolinosebo.com\">loja@marcolinosebo.com<\/a>.<\/p>\n\n\n\n<h3 class=\"wp-block-heading\">VI \u2013 Access, Updating, Rectification, Objection, Limitation, Removal and Portability of Personal Data<\/h3>\n\n\n\n<p>In accordance with the provisions of Chapter III of the General Data Protection Regulation, any request for access, updating, rectification, opposition, limitation, erasure, portability or non-subjection to automated individual decisions regarding your personal data may be made by contacting Marcolino Sebo Wines and Oils, Lda directly or via the email address: <a href=\"mailto:loja@marcolinosebo.com\">loja@marcolinosebo.com<\/a>, indicating the subject: \u201cChange, Objection, Deletion or Portability of personal data\u201d.<\/p>\n\n\n\n<h3 class=\"wp-block-heading\">VII \u2013 Objection to receiving contacts for marketing purposes<\/h3>\n\n\n\n<p>Marcolino Sebo Wines and Oils, Lda may carry out promotional and marketing activities, unless the data subject objects to this at the time of data collection.<\/p>\n\n\n\n<p>If you have given your consent, please note that if you no longer wish to receive communications of this nature, you may object at any time to the use of your data for marketing purposes and the sending of informational communications. To do so, please send a request to Marcolino Sebo Wines and Oils, Lda, via the following email address: <a href=\"mailto:loja@marcolinosebo.com\">loja@marcolinosebo.com<\/a>, indicating the subject: \"Objection to receiving contacts for marketing purposes\".<\/p>\n\n\n\n<h3 class=\"wp-block-heading\">VIII \u2013 Communication of data to other entities (third parties and subcontractors)<\/h3>\n\n\n\n<p>Marcolino Sebo Wines and Oils, Lda, does not share users' personal data with third parties.<br>Should it do so, it will only do so with entities with whom it has established a contractual relationship that provides for the confidential treatment of this data in accordance with the privacy statement of Marcolino Sebo Wines and Oils, Lda.<\/p>\n\n\n\n<p>Marcolino Sebo Wines and Oils, Lda may disclose your personal data to third parties provided that it has obtained the unequivocal consent of the Data Subjects or when:<br>(a) the transmission is carried out in compliance with a legal obligation, a decision of the National Data Protection Commission or a court order or:<br>b) the communication is carried out to protect the vital interests of the Data Subjects or any other legitimate purpose provided for by law.<\/p>\n\n\n\n<p>Any entity subcontracted by Marcolino Sebo Wines and Oils, Lda will process the personal data collected and processed on behalf of and for Marcolino Sebo Wines and Oils, Lda, and is obligated to adopt the necessary technical and organizational measures to protect personal data against accidental or unlawful destruction, accidental loss, alteration, dissemination or unauthorized access, and against any other form of unlawful processing, in accordance with the provisions of the General Data Protection Regulation.<\/p>\n\n\n\n<p>In either case, Marcolino Sebo Wines and Oils, Lda will remain responsible for the personal data collected.<\/p>\n\n\n\n<h3 class=\"wp-block-heading\">IX \u2013 Cookies<\/h3>\n\n\n\n<p>Cookies are data files that a website sends to your computer while you are visiting a website. These data files include information that allows the website to remember important data to make your use of the website more efficient and to personalize your visits.<br>Cookies will only be used to count the number of visits to the Website and do not identify the customer, nor do they save or collect customer information.<br>Todos os utilizadores que naveguem no nosso site aceitam \u00e0 partida a utiliza\u00e7\u00e3o de cookies, a qual \u00e9 controlada pelo cliente atrav\u00e9s do browser.<\/p>\n\n\n\n<h3 class=\"wp-block-heading\">X \u2013 Changes to the Privacy Policy<\/h3>\n\n\n\n<p>Marcolino Sebo Wines and Oils, Lda reserves the right to change its privacy policy, in whole or in part, in the future, without prior notice, but without prejudice to the legal rights conferred on data subjects.<\/p>\n\n\n\n<p>All content on this website, including texts, images, and other information, is the exclusive property of Marcolino Sebo Wines and Oils, Lda, and is protected by current legislation regarding intellectual property rights. Any copying, reproduction, dissemination, modification, or any use, commercial or otherwise, of any content from this site is prohibited. Therefore, Marcolino Sebo Wines and Oils, Lda reserves the right to take legal action against those who make unauthorized use of the content of this website.<\/p>\n\n\n\n<p><\/p>\n\n\n\n<p>For any questions or further information, please contact Marcolino Sebo Wines and Oils, Lda via email <a href=\"mailto:loja@marcolinosebo.com\">loja@marcolinosebo.com<\/a> or by calling the telephone number +351 268 891 570.<\/p>\n\n\n\n<h6 class=\"wp-block-heading\">Last updated in March 2026<\/h6>","protected":false},"excerpt":{"rendered":"<p>Ao aceder e usar este Website o Utilizador admite ter lido, compreendido e aceite estes termos e condi\u00e7\u00f5es.&nbsp; O Website da Marcolino Sebo Wines and Oils, Lda n\u00e3o recolhe automaticamente qualquer tipo de informa\u00e7\u00e3o pessoal dos utilizadores que n\u00e3o se encontrem registados, permitindo assim que os visitantes naveguem anonimamente, contudo, no \u00e2mbito desta Pol\u00edtica de [&hellip;]<\/p>\n","protected":false},"author":1,"featured_media":0,"parent":0,"menu_order":0,"comment_status":"closed","ping_status":"closed","template":"template-legal.php","meta":{"footnotes":""},"class_list":["post-2308","page","type-page","status-publish","hentry"],"_links":{"self":[{"href":"https:\/\/marcolinosebo.com\/en\/wp-json\/wp\/v2\/pages\/2308","targetHints":{"allow":["GET"]}}],"collection":[{"href":"https:\/\/marcolinosebo.com\/en\/wp-json\/wp\/v2\/pages"}],"about":[{"href":"https:\/\/marcolinosebo.com\/en\/wp-json\/wp\/v2\/types\/page"}],"author":[{"embeddable":true,"href":"https:\/\/marcolinosebo.com\/en\/wp-json\/wp\/v2\/users\/1"}],"replies":[{"embeddable":true,"href":"https:\/\/marcolinosebo.com\/en\/wp-json\/wp\/v2\/comments?post=2308"}],"version-history":[{"count":15,"href":"https:\/\/marcolinosebo.com\/en\/wp-json\/wp\/v2\/pages\/2308\/revisions"}],"predecessor-version":[{"id":2646,"href":"https:\/\/marcolinosebo.com\/en\/wp-json\/wp\/v2\/pages\/2308\/revisions\/2646"}],"wp:attachment":[{"href":"https:\/\/marcolinosebo.com\/en\/wp-json\/wp\/v2\/media?parent=2308"}],"curies":[{"name":"wp","href":"https:\/\/api.w.org\/{rel}","templated":true}]}}