
{"id":2306,"date":"2026-01-11T23:10:57","date_gmt":"2026-01-11T23:10:57","guid":{"rendered":"http:\/\/localhost\/msebo_lojaonline\/?page_id=2306"},"modified":"2026-03-08T19:29:12","modified_gmt":"2026-03-08T19:29:12","slug":"politica-de-cookies","status":"publish","type":"page","link":"https:\/\/marcolinosebo.com\/en\/politica-de-cookies\/","title":{"rendered":"Cookie Policy"},"content":{"rendered":"<h3 class=\"wp-block-heading\">What are cookies?<\/h3>\n\n\n\n<p>Cookies are small files that are saved on your device (computer, tablet, or mobile phone) through your browser when you visit a website\/store. They serve to remember your preferences and improve your browsing experience.<\/p>\n\n\n\n<p>Whenever you visit the site again, it recognizes some of your previous actions, allowing for faster and more personalized navigation.<\/p>\n\n\n\n<p>This website uses cookies after the user gives their consent. Their use is intended to make browsing simpler and faster, avoiding the repetition of information. <\/p>\n\n\n\n<h3 class=\"wp-block-heading\">Types of cookies<\/h3>\n\n\n\n<p>Strictly necessary cookies \u2013 These allow access to the website. They are used whenever you visit this website\/store again.<\/p>\n\n\n\n<p>Functional cookies \u2013 Allows saving user preferences such as login data or browsing preferences;<\/p>\n\n\n\n<p>Analytical cookies \u2013 Used anonymously and primarily for statistical analysis. Used to analyze website usage, improve its performance, and personalize the user experience;<\/p>\n\n\n\n<p>Persistent cookies \u2013 These are saved in the user's browser \u2013 computer, tablet or mobile phone \u2013 and are activated whenever you visit the website\/store again. They essentially serve to adapt the browsing experience to the user's preferences.<\/p>\n\n\n\n<p>Session cookies \u2013 These are temporary data that are stored by your browser until you leave the page. They are used to analyze traffic patterns on the page, identify problems, and provide a better browsing experience on the website\/store.<\/p>\n\n\n\n<p>Third-party cookies \u2013 Measure the effectiveness of third-party advertising on this website.<\/p>\n\n\n\n<p>Advertising cookies \u2013 They study visitors' preferences and use them to target the advertising displayed based on those preferences.<\/p>\n\n\n\n<h3 class=\"wp-block-heading\">Types of cookies we use<\/h3>\n\n\n\n<p>This website\/store uses strictly necessary cookies, functional cookies, persistent cookies, third-party cookies, and session cookies. The information obtained through these cookies allows us to identify problems and provide a better browsing experience.<\/p>\n\n\n\n<h3 class=\"wp-block-heading\">What are cookies used for<\/h3>\n\n\n\n<p>Cookies help the website\/store remember information about your visit, making your next visit easier and thus increasing browsing efficiency.<\/p>\n\n\n\n<h3 class=\"wp-block-heading\">Links to third-party websites<\/h3>\n\n\n\n<p>This website\/store contains links to other websites because they may contain information or tools useful to our visitors. However, our privacy and cookie policy does not apply to third-party sites, so if you visit another site from ours, you should read its privacy and cookie policy, as we are not responsible for the privacy and cookie policies or any content present on those sites.<\/p>\n\n\n\n<h3 class=\"wp-block-heading\">Managing and disabling cookies<\/h3>\n\n\n\n<p>After accepting the use of cookies, the user can, at any time, disable them partially or completely via the consent banner. However, keep in mind that disabling cookies may affect the functioning of certain online services, compromising navigation on the website\/store.<\/p>\n\n\n\n<h3 class=\"wp-block-heading\">Consent<\/h3>\n\n\n\n<p>By using the website\/store, the visitor consents to the use of cookies, unless they have changed the settings in their browser or consent manager.<\/p>\n\n\n\n<h3 class=\"wp-block-heading\">Cookie policy update<\/h3>\n\n\n\n<p>We reserve the right to update the Cookie Policy whenever necessary, and any changes will be published on this page.<\/p>\n\n\n\n<p><\/p>\n\n\n\n<p>For any questions or further information, please contact Marcolino Sebo Wines and Oils, Lda via email <a href=\"mailto:loja@marcolinosebo.com\">loja@marcolinosebo.com<\/a> or by calling the telephone number +351 268 891 570.<\/p>\n\n\n\n<h6 class=\"wp-block-heading\">Last updated in March 2026<\/h6>\n\n\n\n<p><\/p>","protected":false},"excerpt":{"rendered":"<p>O que s\u00e3o os cookies Os cookies s\u00e3o pequenos ficheiros que ficam guardados no seu dispositivo (computador, tablet ou telem\u00f3vel) atrav\u00e9s do browser, quando visita o website\/loja. Servem para lembrar as suas prefer\u00eancias e melhorar a sua experi\u00eancia de navega\u00e7\u00e3o. Sempre que volta a visitar o site, este reconhece algumas das suas a\u00e7\u00f5es anteriores, permitindo [&hellip;]<\/p>\n","protected":false},"author":1,"featured_media":0,"parent":0,"menu_order":0,"comment_status":"closed","ping_status":"closed","template":"template-legal.php","meta":{"footnotes":""},"class_list":["post-2306","page","type-page","status-publish","hentry"],"_links":{"self":[{"href":"https:\/\/marcolinosebo.com\/en\/wp-json\/wp\/v2\/pages\/2306","targetHints":{"allow":["GET"]}}],"collection":[{"href":"https:\/\/marcolinosebo.com\/en\/wp-json\/wp\/v2\/pages"}],"about":[{"href":"https:\/\/marcolinosebo.com\/en\/wp-json\/wp\/v2\/types\/page"}],"author":[{"embeddable":true,"href":"https:\/\/marcolinosebo.com\/en\/wp-json\/wp\/v2\/users\/1"}],"replies":[{"embeddable":true,"href":"https:\/\/marcolinosebo.com\/en\/wp-json\/wp\/v2\/comments?post=2306"}],"version-history":[{"count":11,"href":"https:\/\/marcolinosebo.com\/en\/wp-json\/wp\/v2\/pages\/2306\/revisions"}],"predecessor-version":[{"id":2598,"href":"https:\/\/marcolinosebo.com\/en\/wp-json\/wp\/v2\/pages\/2306\/revisions\/2598"}],"wp:attachment":[{"href":"https:\/\/marcolinosebo.com\/en\/wp-json\/wp\/v2\/media?parent=2306"}],"curies":[{"name":"wp","href":"https:\/\/api.w.org\/{rel}","templated":true}]}}