
{"id":2304,"date":"2026-01-11T23:06:15","date_gmt":"2026-01-11T23:06:15","guid":{"rendered":"http:\/\/localhost\/msebo_lojaonline\/?page_id=2304"},"modified":"2026-01-11T23:06:15","modified_gmt":"2026-01-11T23:06:15","slug":"internacionalizacao","status":"publish","type":"page","link":"https:\/\/marcolinosebo.com\/en\/internacionalizacao\/","title":{"rendered":"Internacionaliza\u00e7\u00e3o"},"content":{"rendered":"<p>Esta \u00e9 a p\u00e1gina Internacionaliza\u00e7\u00e3o.<\/p>","protected":false},"excerpt":{"rendered":"<p>Esta \u00e9 a p\u00e1gina Internacionaliza\u00e7\u00e3o.<\/p>","protected":false},"author":1,"featured_media":0,"parent":0,"menu_order":0,"comment_status":"closed","ping_status":"closed","template":"","meta":{"footnotes":""},"class_list":["post-2304","page","type-page","status-publish","hentry"],"_links":{"self":[{"href":"https:\/\/marcolinosebo.com\/en\/wp-json\/wp\/v2\/pages\/2304","targetHints":{"allow":["GET"]}}],"collection":[{"href":"https:\/\/marcolinosebo.com\/en\/wp-json\/wp\/v2\/pages"}],"about":[{"href":"https:\/\/marcolinosebo.com\/en\/wp-json\/wp\/v2\/types\/page"}],"author":[{"embeddable":true,"href":"https:\/\/marcolinosebo.com\/en\/wp-json\/wp\/v2\/users\/1"}],"replies":[{"embeddable":true,"href":"https:\/\/marcolinosebo.com\/en\/wp-json\/wp\/v2\/comments?post=2304"}],"version-history":[{"count":1,"href":"https:\/\/marcolinosebo.com\/en\/wp-json\/wp\/v2\/pages\/2304\/revisions"}],"predecessor-version":[{"id":2305,"href":"https:\/\/marcolinosebo.com\/en\/wp-json\/wp\/v2\/pages\/2304\/revisions\/2305"}],"wp:attachment":[{"href":"https:\/\/marcolinosebo.com\/en\/wp-json\/wp\/v2\/media?parent=2304"}],"curies":[{"name":"wp","href":"https:\/\/api.w.org\/{rel}","templated":true}]}}