
{"id":2301,"date":"2026-01-11T23:04:29","date_gmt":"2026-01-11T23:04:29","guid":{"rendered":"http:\/\/localhost\/msebo_lojaonline\/?page_id=2301"},"modified":"2026-02-15T00:58:04","modified_gmt":"2026-02-15T00:58:04","slug":"contactos","status":"publish","type":"page","link":"https:\/\/marcolinosebo.com\/en\/contactos\/","title":{"rendered":"Contacts"},"content":{"rendered":"<h2 class=\"wp-block-heading\">Contact Us<\/h2>\n\n\n\n<p>We are available to answer any questions and share with you the essence of our home.<br>It will be a pleasure to hear from you and share the essence of our estate, where wine is born with identity and passion.<\/p>","protected":false},"excerpt":{"rendered":"<p>Entre em Contacto Connosco Estamos dispon\u00edveis para esclarecer qualquer quest\u00e3o e partilhar consigo a ess\u00eancia da nossa casa.Ser\u00e1 um prazer ouvi-lo e dar a conhecer a ess\u00eancia da nossa Quinta, onde o vinho nasce com identidade e paix\u00e3o.<\/p>","protected":false},"author":1,"featured_media":0,"parent":0,"menu_order":0,"comment_status":"closed","ping_status":"closed","template":"template-contactos.php","meta":{"footnotes":""},"class_list":["post-2301","page","type-page","status-publish","hentry"],"_links":{"self":[{"href":"https:\/\/marcolinosebo.com\/en\/wp-json\/wp\/v2\/pages\/2301","targetHints":{"allow":["GET"]}}],"collection":[{"href":"https:\/\/marcolinosebo.com\/en\/wp-json\/wp\/v2\/pages"}],"about":[{"href":"https:\/\/marcolinosebo.com\/en\/wp-json\/wp\/v2\/types\/page"}],"author":[{"embeddable":true,"href":"https:\/\/marcolinosebo.com\/en\/wp-json\/wp\/v2\/users\/1"}],"replies":[{"embeddable":true,"href":"https:\/\/marcolinosebo.com\/en\/wp-json\/wp\/v2\/comments?post=2301"}],"version-history":[{"count":5,"href":"https:\/\/marcolinosebo.com\/en\/wp-json\/wp\/v2\/pages\/2301\/revisions"}],"predecessor-version":[{"id":2530,"href":"https:\/\/marcolinosebo.com\/en\/wp-json\/wp\/v2\/pages\/2301\/revisions\/2530"}],"wp:attachment":[{"href":"https:\/\/marcolinosebo.com\/en\/wp-json\/wp\/v2\/media?parent=2301"}],"curies":[{"name":"wp","href":"https:\/\/api.w.org\/{rel}","templated":true}]}}