
{"id":2297,"date":"2026-01-11T22:57:25","date_gmt":"2026-01-11T22:57:25","guid":{"rendered":"http:\/\/localhost\/msebo_lojaonline\/?page_id=2297"},"modified":"2026-01-16T10:07:22","modified_gmt":"2026-01-16T10:07:22","slug":"gama","status":"publish","type":"page","link":"https:\/\/marcolinosebo.com\/en\/gama\/","title":{"rendered":"Collection"},"content":{"rendered":"<h1>The best selected grapes,<\/h1>\n<h1>in a wide collection for you.<\/h1>\n\n\n<h5 class=\"wp-block-heading has-medium-font-size\">From the vineyard to the table, each wine reveals a chapter of our tradition. Explore the Marcolino Sebo range and savour the history that has brought us here, because each bottle holds a legacy made of time, passion and authenticity.<\/h5>\n\n\n\n<p><\/p>","protected":false},"excerpt":{"rendered":"<p>As melhores uvas selecionadas, numa vasta gama para si. Da vinha \u00e0 mesa, cada vinho revela um cap\u00edtulo da nossa tradi\u00e7\u00e3o. Explore a gama Marcolino Sebo e saboreie a hist\u00f3ria que nos trouxe at\u00e9 aqui, porque cada garrafa guarda um legado feito de tempo, paix\u00e3o e autenticidade.<\/p>","protected":false},"author":1,"featured_media":0,"parent":0,"menu_order":0,"comment_status":"closed","ping_status":"closed","template":"template-gama.php","meta":{"footnotes":""},"class_list":["post-2297","page","type-page","status-publish","hentry"],"_links":{"self":[{"href":"https:\/\/marcolinosebo.com\/en\/wp-json\/wp\/v2\/pages\/2297","targetHints":{"allow":["GET"]}}],"collection":[{"href":"https:\/\/marcolinosebo.com\/en\/wp-json\/wp\/v2\/pages"}],"about":[{"href":"https:\/\/marcolinosebo.com\/en\/wp-json\/wp\/v2\/types\/page"}],"author":[{"embeddable":true,"href":"https:\/\/marcolinosebo.com\/en\/wp-json\/wp\/v2\/users\/1"}],"replies":[{"embeddable":true,"href":"https:\/\/marcolinosebo.com\/en\/wp-json\/wp\/v2\/comments?post=2297"}],"version-history":[{"count":6,"href":"https:\/\/marcolinosebo.com\/en\/wp-json\/wp\/v2\/pages\/2297\/revisions"}],"predecessor-version":[{"id":2431,"href":"https:\/\/marcolinosebo.com\/en\/wp-json\/wp\/v2\/pages\/2297\/revisions\/2431"}],"wp:attachment":[{"href":"https:\/\/marcolinosebo.com\/en\/wp-json\/wp\/v2\/media?parent=2297"}],"curies":[{"name":"wp","href":"https:\/\/api.w.org\/{rel}","templated":true}]}}