
{"id":2293,"date":"2026-01-11T22:14:40","date_gmt":"2026-01-11T22:14:40","guid":{"rendered":"http:\/\/localhost\/msebo_lojaonline\/?page_id=2293"},"modified":"2026-01-11T22:14:40","modified_gmt":"2026-01-11T22:14:40","slug":"home","status":"publish","type":"page","link":"https:\/\/marcolinosebo.com\/en\/","title":{"rendered":"Home"},"content":{"rendered":"<h2 class=\"wp-block-heading\">Wines with Soul, made by a Family<\/h2>\n\n\n\n<p>A family passion for authentic and original wines, produced in the heart of the Alentejo region.<\/p>\n\n\n\n<p>A constant pursuit of excellence and uniqueness, always focusing on authenticity and sustainable development, to offer genuine pleasure to connoisseurs.<\/p>","protected":false},"excerpt":{"rendered":"<p>Vinhos com Alma, feitos em Fam\u00edlia Uma paix\u00e3o familiar por vinhos aut\u00eanticos e originais, elaborados no cora\u00e7\u00e3o do Alentejo. Uma busca permanente de excel\u00eancia e singularidade, apostando sempre na autenticidade e no desenvolvimento sustent\u00e1vel, para oferecer um prazer genu\u00edno aos apreciadores.<\/p>","protected":false},"author":1,"featured_media":0,"parent":0,"menu_order":0,"comment_status":"closed","ping_status":"closed","template":"template-home.php","meta":{"footnotes":""},"class_list":["post-2293","page","type-page","status-publish","hentry"],"_links":{"self":[{"href":"https:\/\/marcolinosebo.com\/en\/wp-json\/wp\/v2\/pages\/2293","targetHints":{"allow":["GET"]}}],"collection":[{"href":"https:\/\/marcolinosebo.com\/en\/wp-json\/wp\/v2\/pages"}],"about":[{"href":"https:\/\/marcolinosebo.com\/en\/wp-json\/wp\/v2\/types\/page"}],"author":[{"embeddable":true,"href":"https:\/\/marcolinosebo.com\/en\/wp-json\/wp\/v2\/users\/1"}],"replies":[{"embeddable":true,"href":"https:\/\/marcolinosebo.com\/en\/wp-json\/wp\/v2\/comments?post=2293"}],"version-history":[{"count":1,"href":"https:\/\/marcolinosebo.com\/en\/wp-json\/wp\/v2\/pages\/2293\/revisions"}],"predecessor-version":[{"id":2294,"href":"https:\/\/marcolinosebo.com\/en\/wp-json\/wp\/v2\/pages\/2293\/revisions\/2294"}],"wp:attachment":[{"href":"https:\/\/marcolinosebo.com\/en\/wp-json\/wp\/v2\/media?parent=2293"}],"curies":[{"name":"wp","href":"https:\/\/api.w.org\/{rel}","templated":true}]}}